{"id":2470,"date":"2018-05-23T14:09:15","date_gmt":"2018-05-23T12:09:15","guid":{"rendered":"http:\/\/blog.alexandra-lechner.de\/?page_id=2470"},"modified":"2025-08-27T12:07:13","modified_gmt":"2025-08-27T10:07:13","slug":"impressum","status":"publish","type":"page","link":"https:\/\/alexandralechner.de\/blog\/impressum\/","title":{"rendered":"Impressum"},"content":{"rendered":"<h1>Impressum \u2013 Alexandra Lechner Corporate Photography Frankfurt<\/h1>\n<h2><\/h2>\n<p><\/p>\n<h2><b>Verantwortlich f\u00fcr den Inhalt dieser Website:<\/b><\/h2>\n<p>Angaben gem\u00e4\u00df \u00a75 DDG<br \/>\nAlexandra Lechner Corporate Photography<br \/>\nGrosse Spillingsgasse 10<br \/>\n60385 Frankfurt<br \/>\nGermany<\/p>\n<p><strong>Kontakt:<\/strong><br \/>\nTelefon: +49 (0) 69 15 34 25 07<br \/>\nE-Mail: contact@alexandralechner.de<\/p>\n<p><strong>Umsatzsteuer-ID:<\/strong><br \/>\nUmsatzsteuer-Identifikationsnummer gem\u00e4\u00df \u00a7 27 a Umsatzsteuergesetz:<\/p>\n<p><strong>Angaben zur Berufshaftpflichtversicherung<\/strong><br \/>\nName und Sitz des Versicherers:<br \/>\nInterlloyd Versicherungs-AG<br \/>\nARAG Platz 1<br \/>\n40472 D\u00fcsseldorf<br \/>\nGeltungsraum der Versicherung:<br \/>\nEuropa<\/p>\n<p><strong>EU-Streitschlichtung<\/strong><br \/>\nDie Europ\u00e4ische Kommission stellt eine Plattform zur Online-Streitbeilegung (OS) bereit:<br \/>\nhttps:\/\/ec.europa.eu\/consumers\/odr\/.<br \/>\nUnsere E-Mail-Adresse finden Sie oben im Impressum.<\/p>\n<p>Verbraucherstreitbeilegung\/Universalschlichtungsstelle<br \/>\nWir nehmen an einem Streitbeilegungsverfahren vor einer Verbraucherschlichtungsstelle teil. Zust\u00e4ndig ist die Universalschlichtungsstelle des Zentrums f\u00fcr Schlichtung e.V., Stra\u00dfburger Stra\u00dfe 8, 77694 Kehl am Rhein (https:\/\/www.verbraucher-schlichter.de).<\/p>\n<p><strong>Text und SEO:<\/strong><br \/>\nCharly Kahle, <a href=\"http:\/\/www.worteschaffenwerte.de\" target=\"_blank\">www.worteschaffenwerte.de<\/a><\/p>\n<p><strong>Technische Umsetzung:<\/strong><br \/>\ntn:webconsulting, <a href=\"http:\/\/www.tnwebconsulting.de\" target=\"_blank\">www.tnwebconsulting.de<\/a><\/p>\n<p><strong>Haftung f\u00fcr Inhalte<\/strong><br \/>\nAls Diensteanbieter sind wir gem\u00e4\u00df \u00a7 7 Abs.1 DDG f\u00fcr eigene Inhalte auf diesen Seiten nach den allgemeinen Gesetzen verantwortlich. Nach \u00a7\u00a7 8 bis 10 DDG sind wir als Diensteanbieter jedoch nicht verpflichtet, \u00fcbermittelte oder gespeicherte fremde Informationen zu \u00fcberwachen oder nach Umst\u00e4nden zu forschen, die auf eine rechtswidrige T\u00e4tigkeit hinweisen.<\/p>\n<p>Verpflichtungen zur Entfernung oder Sperrung der Nutzung von Informationen nach den allgemeinen Gesetzen bleiben hiervon unber\u00fchrt. Eine diesbez\u00fcgliche Haftung ist jedoch erst ab dem Zeitpunkt der Kenntnis einer konkreten Rechtsverletzung m\u00f6glich. Bei Bekanntwerden von entsprechenden Rechtsverletzungen werden wir diese Inhalte umgehend entfernen.<\/p>\n<p><strong>Haftung f\u00fcr Links<\/strong><br \/>\nUnser Angebot enth\u00e4lt Links zu externen Websites Dritter, auf deren Inhalte wir keinen Einfluss haben. Deshalb k\u00f6nnen wir f\u00fcr diese fremden Inhalte auch keine Gew\u00e4hr \u00fcbernehmen. F\u00fcr die Inhalte der verlinkten Seiten ist stets der jeweilige Anbieter oder Betreiber der Seiten verantwortlich. Die verlinkten Seiten wurden zum Zeitpunkt der Verlinkung auf m\u00f6gliche Rechtsverst\u00f6\u00dfe \u00fcberpr\u00fcft. Rechtswidrige Inhalte waren zum Zeitpunkt der Verlinkung nicht erkennbar.<\/p>\n<p>Eine permanente inhaltliche Kontrolle der verlinkten Seiten ist jedoch ohne konkrete Anhaltspunkte einer Rechtsverletzung nicht zumutbar. Bei Bekanntwerden von Rechtsverletzungen werden wir derartige Links umgehend entfernen.<\/p>\n<p><strong>Urheberrecht<\/strong><br \/>\nDie durch die Seitenbetreiber erstellten Inhalte und Werke auf diesen Seiten unterliegen dem deutschen Urheberrecht. Die Vervielf\u00e4ltigung, Bearbeitung, Verbreitung und jede Art der Verwertung au\u00dferhalb der Grenzen des Urheberrechtes bed\u00fcrfen der schriftlichen Zustimmung der Autorin.<\/p>\n<p>Ich behalte mir die Nutzung meiner Inhalte f\u00fcr Text und Data Mining im Sinne von \u00a7 44b UrhG ausdr\u00fccklich vor.<br \/>\nI expressly reserve the right to use my content for text and data mining within the meaning of \u00a7 44b UrhG (German Copyright Act).<br \/>\nAny text or data mining, web scraping or similar reproductions of content for training and developing of any AI system is prohibited without prior written permission.<\/p>\n<p>Die Inhalte der Website, insbesondere die Fotos auf den Portfolioseiten, sind urheberrechtlich gesch\u00fctzt. Downloads und Kopien der Bilder sind nur f\u00fcr Pr\u00e4sentationzwecke mit Nennung der Bildautorin gestattet. Jede weitergehende Nutzung bedarf der schriftlichen Zustimmung der Fotografin. Jede Missachtung wird strafrechtlich verfolgt.<\/p>\n<p>Soweit die Inhalte auf dieser Seite nicht vom Betreiber erstellt wurden, werden die Urheberrechte Dritter beachtet. Insbesondere werden Inhalte Dritter als solche gekennzeichnet. Sollten Sie trotzdem auf eine Urheberrechtsverletzung aufmerksam werden, bitten wir um einen entsprechenden Hinweis. Bei Bekanntwerden von Rechtsverletzungen werden wir derartige Inhalte umgehend entfernen.<\/p>\n<p><a href=\"https:\/\/www.disclaimer.de\/disclaimer.htm?farbe=424242\/808080\/009DE0\/009DE0\" target=\"_blank\" rel=\"noopener noreferrer\">Haftungsausschluss (externer Link)<\/a><\/p>\n","protected":false},"excerpt":{"rendered":"<p>Impressum \u2013 Alexandra Lechner Corporate Photography Frankfurt Verantwortlich f\u00fcr den Inhalt dieser Website: Angaben gem\u00e4\u00df \u00a75 DDG Alexandra Lechner Corporate Photography Grosse Spillingsgasse 10 60385 Frankfurt Germany Kontakt: Telefon: +49 (0) 69 15 34 25 07 E-Mail: contact@alexandralechner.de Umsatzsteuer-ID: Umsatzsteuer-Identifikationsnummer gem\u00e4\u00df \u00a7 27 a Umsatzsteuergesetz: Angaben zur Berufshaftpflichtversicherung Name und Sitz des Versicherers: Interlloyd Versicherungs-AG [&hellip;]<\/p>\n","protected":false},"author":1,"featured_media":0,"parent":0,"menu_order":0,"comment_status":"closed","ping_status":"closed","template":"","meta":{"_acf_changed":false,"footnotes":""},"class_list":["post-2470","page","type-page","status-publish","hentry"],"acf":[],"_links":{"self":[{"href":"https:\/\/alexandralechner.de\/blog\/wp-json\/wp\/v2\/pages\/2470","targetHints":{"allow":["GET"]}}],"collection":[{"href":"https:\/\/alexandralechner.de\/blog\/wp-json\/wp\/v2\/pages"}],"about":[{"href":"https:\/\/alexandralechner.de\/blog\/wp-json\/wp\/v2\/types\/page"}],"author":[{"embeddable":true,"href":"https:\/\/alexandralechner.de\/blog\/wp-json\/wp\/v2\/users\/1"}],"replies":[{"embeddable":true,"href":"https:\/\/alexandralechner.de\/blog\/wp-json\/wp\/v2\/comments?post=2470"}],"version-history":[{"count":11,"href":"https:\/\/alexandralechner.de\/blog\/wp-json\/wp\/v2\/pages\/2470\/revisions"}],"predecessor-version":[{"id":5445,"href":"https:\/\/alexandralechner.de\/blog\/wp-json\/wp\/v2\/pages\/2470\/revisions\/5445"}],"wp:attachment":[{"href":"https:\/\/alexandralechner.de\/blog\/wp-json\/wp\/v2\/media?parent=2470"}],"curies":[{"name":"wp","href":"https:\/\/api.w.org\/{rel}","templated":true}]}}