{"id":2,"date":"2011-08-25T09:23:03","date_gmt":"2011-08-25T09:23:03","guid":{"rendered":"http:\/\/89.234.56.179\/~alexandrx\/blog\/?page_id=2"},"modified":"2025-08-27T11:47:53","modified_gmt":"2025-08-27T09:47:53","slug":"ueber-mich","status":"publish","type":"page","link":"https:\/\/alexandralechner.de\/blog\/ueber-mich\/","title":{"rendered":"\u00dcber mich"},"content":{"rendered":"<div id=\"_mcePaste\">\n<h1>Alexandra Lechner | Businessfotografie | Frankfurt<\/h1>\n<p><\/p>\n<h2>Neue Perspektiven f\u00fcr Businessfotografie: Bildwelten schaffen<\/h2>\n<p>\nAlexandra Lechner Corporate Photography schafft \u00fcberzeugende Bildwelten f\u00fcr die Kommunikation Ihres Unternehmens. Von Webseite \u00fcber Gesch\u00e4ftsbericht bis PR-Meldung und Reportage oder Employer Branding. Mit einem Komplettpaket aus einer Hand \u2013 von der Idee und Recherche \u00fcber die Bildkonzeption und Umsetzung bis zur Postproduktion: professionell, zuverl\u00e4ssig, \u00fcberzeugend.<\/p>\n<h2>Businessfotografie mit \u00fcberzeugenden Bildwelten<\/h2>\n<p>\nImmer wieder das Neue zu sehen (selbst im scheinbar Altbekannten) und ins Bild zu setzen \u2013 das ist es, was mich als Fotografin so unwiderstehlich anzieht. Ich komme an Orte, die ich sonst nicht s\u00e4he, und lerne Menschen kennen, denen ich ohne meine Arbeit nicht begegnen w\u00fcrde. Ob Portr\u00e4t, Corporate oder Advertising \u2013 meine liebste Herausforderung ist es, \u00fcberzeugende Ideen on Location zu inszenieren und dabei ebenso glaubw\u00fcrdige wie authentische Bilder zu gestalten.<\/p>\n<p>Website von Alexandra Lechner Corporate Photography: <a href=\"http:\/\/www.alexandralechner.de\" target=\"_blank\" rel=\"noopener noreferrer\">www.alexandralechner.de<\/a><\/p>\n<\/div>\n<div><a href=\"https:\/\/www.disclaimer.de\/disclaimer.htm?farbe=424242\/808080\/009DE0\/009DE0\" target=\"_blank\" rel=\"noopener noreferrer\">Disclaimer (externer Link)<\/a><\/div>\n","protected":false},"excerpt":{"rendered":"<p>Alexandra Lechner | Businessfotografie | Frankfurt Neue Perspektiven f\u00fcr Businessfotografie: Bildwelten schaffen Alexandra Lechner Corporate Photography schafft \u00fcberzeugende Bildwelten f\u00fcr die Kommunikation Ihres Unternehmens. Von Webseite \u00fcber Gesch\u00e4ftsbericht bis PR-Meldung und Reportage oder Employer Branding. Mit einem Komplettpaket aus einer Hand \u2013 von der Idee und Recherche \u00fcber die Bildkonzeption und Umsetzung bis zur Postproduktion: [&hellip;]<\/p>\n","protected":false},"author":1,"featured_media":0,"parent":0,"menu_order":0,"comment_status":"closed","ping_status":"closed","template":"","meta":{"_acf_changed":false,"footnotes":""},"class_list":["post-2","page","type-page","status-publish","hentry"],"acf":[],"_links":{"self":[{"href":"https:\/\/alexandralechner.de\/blog\/wp-json\/wp\/v2\/pages\/2","targetHints":{"allow":["GET"]}}],"collection":[{"href":"https:\/\/alexandralechner.de\/blog\/wp-json\/wp\/v2\/pages"}],"about":[{"href":"https:\/\/alexandralechner.de\/blog\/wp-json\/wp\/v2\/types\/page"}],"author":[{"embeddable":true,"href":"https:\/\/alexandralechner.de\/blog\/wp-json\/wp\/v2\/users\/1"}],"replies":[{"embeddable":true,"href":"https:\/\/alexandralechner.de\/blog\/wp-json\/wp\/v2\/comments?post=2"}],"version-history":[{"count":22,"href":"https:\/\/alexandralechner.de\/blog\/wp-json\/wp\/v2\/pages\/2\/revisions"}],"predecessor-version":[{"id":5440,"href":"https:\/\/alexandralechner.de\/blog\/wp-json\/wp\/v2\/pages\/2\/revisions\/5440"}],"wp:attachment":[{"href":"https:\/\/alexandralechner.de\/blog\/wp-json\/wp\/v2\/media?parent=2"}],"curies":[{"name":"wp","href":"https:\/\/api.w.org\/{rel}","templated":true}]}}